{"id":196,"date":"2013-11-20T23:59:54","date_gmt":"2013-11-20T21:59:54","guid":{"rendered":"https:\/\/www.zahnarzt-hrdina.de\/?page_id=196"},"modified":"2013-11-24T16:01:39","modified_gmt":"2013-11-24T14:01:39","slug":"zahnersatz","status":"publish","type":"page","link":"https:\/\/www.zahnarzt-hrdina.de\/?page_id=196","title":{"rendered":"Zahnersatz"},"content":{"rendered":"<p style=\"text-align: center;\"><span style=\"text-decoration: underline;\"><span style=\"font-size: x-large;\"><img decoding=\"async\" loading=\"lazy\" alt=\"\" src=\"https:\/\/www.zahnarzt-hrdina.de\/wp-content\/uploads\/2013\/11\/zahnersatz.jpg\" width=\"293\" height=\"161\" \/><\/span><\/span><\/p>\n<p style=\"text-align: center;\"><span style=\"text-decoration: underline;\"><span style=\"font-size: x-large;\">Hochwertiger Zahnersatz<\/span><\/span><\/p>\n<p style=\"text-align: left;\"><span style=\"text-decoration: underline;\"><strong><span style=\"font-size: medium;\">Teilprothesen:<\/span><\/strong><\/span><span style=\"font-size: small;\"> Eine Teilprothese kann in unterschiedlichen Ausf\u00fchrungen hergestellt werden. Die einfachste Ausf\u00fchrung besteht aus einer Kunststoffbasis, den zu ersetzenden Z\u00e4hnen und gebogenen Halte- und St\u00fctzelementen. Eine so konstruierte Teilprothese gilt in Deutschland als Interimsprohtese (\u00dcbergangsprothese).<\/span><\/p>\n<p style=\"text-align: left;\"><strong><span style=\"text-decoration: underline;\"><span style=\"font-size: medium;\">Modellgussprothese:<\/span><\/span><\/strong><span style=\"font-size: small;\">Bei einer Modellgussprothese wird auf einem Modell zun\u00e4chst ein Metallger\u00fcst mitsamt den Halte- und St\u00fctzelementen in einem Guss hergestellt. Durch dieses Verfahren ist eine enorme Passgenauigkeit und hohe Stabilit\u00e4t gew\u00e4hrleistet. Auf dieser Metallbasis werden dann Kunststoff und Z\u00e4hne aufgebaut. Insgesamt ist eine solche Modellgussprothese l\u00e4nger haltbar als eine Interimsprothese. Ein langfristiger Erfolg ist aber bei dieser Ausf\u00fchrung nur durch eine regelm\u00e4\u00dfige und intensive Zahn- und Prothesenreinigung gew\u00e4hrleistet.<\/span><\/p>\n<p style=\"text-align: left;\"><span style=\"font-size: medium; text-decoration: underline;\"><strong>Kombinierter Zahnersatz:<\/strong>\u00a0<\/span>\u00a0 <span style=\"font-size: small;\">Wie die Bezeichnung schon vermuten l\u00e4sst, besteht ein kombinierter Zahnersatz aus einem festsitzenden und einem herausnehmbaren Teil. Der festsitzende Teil kann aus Teleskop- und\/oder Konuskronen, Stegen, Geschieben oder Gelenken bestehen. An dieser festsitzenden Konstruktion findet passgenau eine Teilprothese Halt.<\/span><\/p>\n","protected":false},"excerpt":{"rendered":"<p>Hochwertiger Zahnersatz Teilprothesen: Eine Teilprothese kann in unterschiedlichen Ausf\u00fchrungen hergestellt werden. Die einfachste Ausf\u00fchrung besteht aus einer Kunststoffbasis, den zu ersetzenden Z\u00e4hnen und gebogenen Halte- und St\u00fctzelementen. Eine so konstruierte Teilprothese gilt in Deutschland als Interimsprohtese (\u00dcbergangsprothese). Modellgussprothese:Bei einer Modellgussprothese wird auf einem Modell zun\u00e4chst ein Metallger\u00fcst mitsamt den Halte- &#8230;<\/p>\n","protected":false},"author":1,"featured_media":0,"parent":0,"menu_order":0,"comment_status":"closed","ping_status":"closed","template":"","meta":[],"aioseo_notices":[],"_links":{"self":[{"href":"https:\/\/www.zahnarzt-hrdina.de\/index.php?rest_route=\/wp\/v2\/pages\/196"}],"collection":[{"href":"https:\/\/www.zahnarzt-hrdina.de\/index.php?rest_route=\/wp\/v2\/pages"}],"about":[{"href":"https:\/\/www.zahnarzt-hrdina.de\/index.php?rest_route=\/wp\/v2\/types\/page"}],"author":[{"embeddable":true,"href":"https:\/\/www.zahnarzt-hrdina.de\/index.php?rest_route=\/wp\/v2\/users\/1"}],"replies":[{"embeddable":true,"href":"https:\/\/www.zahnarzt-hrdina.de\/index.php?rest_route=%2Fwp%2Fv2%2Fcomments&post=196"}],"version-history":[{"count":3,"href":"https:\/\/www.zahnarzt-hrdina.de\/index.php?rest_route=\/wp\/v2\/pages\/196\/revisions"}],"predecessor-version":[{"id":201,"href":"https:\/\/www.zahnarzt-hrdina.de\/index.php?rest_route=\/wp\/v2\/pages\/196\/revisions\/201"}],"wp:attachment":[{"href":"https:\/\/www.zahnarzt-hrdina.de\/index.php?rest_route=%2Fwp%2Fv2%2Fmedia&parent=196"}],"curies":[{"name":"wp","href":"https:\/\/api.w.org\/{rel}","templated":true}]}}